{"id":284,"date":"2018-11-27T11:18:16","date_gmt":"2018-11-27T11:18:16","guid":{"rendered":"https:\/\/impactacademy.hu\/?page_id=284"},"modified":"2020-07-13T13:45:21","modified_gmt":"2020-07-13T13:45:21","slug":"participants","status":"publish","type":"page","link":"https:\/\/impactacademy.hu\/en\/participants\/","title":{"rendered":"PARTICIPANTS"},"content":{"rendered":"<section class=\"av_textblock_section \"  itemscope=\"itemscope\" itemtype=\"https:\/\/schema.org\/CreativeWork\" ><div class='avia_textblock  av_inherit_color '  style='color:#f76d6d; '  itemprop=\"text\" ><h1 style=\"text-align: center;\">PARTICIPANTS<\/h1>\n<h3 style=\"text-align: center;\">Academy year 2018\/2019<\/h3>\n<\/div><\/section>\n<div class=\"flex_column av_one_half  flex_column_div av-zero-column-padding first  \" style='border-radius:0px; '><p><div class='avia-image-container  av-styling- av-hover-grow   avia-align-center '  itemprop=\"ImageObject\" itemscope=\"itemscope\" itemtype=\"https:\/\/schema.org\/ImageObject\"  ><div class='avia-image-container-inner'><div class='avia-image-overlay-wrap'><a href='https:\/\/www.ittaszezon.com' class='avia_image'   target=\"_blank\" ><img class='avia_image ' src='https:\/\/impactacademy.hu\/wp-content\/uploads\/2018\/12\/ittaszezon-300x300.png' alt='' title='ittaszezon'  itemprop=\"thumbnailUrl\"  \/><\/a><\/div><\/div><\/div><br \/>\n<section class=\"av_textblock_section \"  itemscope=\"itemscope\" itemtype=\"https:\/\/schema.org\/CreativeWork\" ><div class='avia_textblock  '  style='font-size:14px; '  itemprop=\"text\" ><h4><a href=\"https:\/\/www.ittaszezon.com\"><span style=\"font-weight: 400;\"><strong>IttaSzezon!<\/strong><\/span><\/a><\/h4>\n<p><span style=\"font-weight: 400;\">The IttaSzezon! team has developed an innovative, online platform to bring the primary and small agricultural producers together with those living in cities who consider important to consume healthy, fresh, original, tasty and local food and drink. IttaSzezon! aims to enable producers to sell a large amount of products within a short period of time with one carriage so they can spend most of their time on their farms; and to provide for consumers food coming from local, reliable sources.<\/span><\/p>\n<p><a href=\"https:\/\/impactacademy.hu\/ittaszezon_infografika_EN\/\" target=\"_blank\" rel=\"noopener\">Click here<\/a> to see\u00a0<span style=\"font-weight: 400;\">IttaSzezon!&#8217;s infographics!<\/span><\/p>\n<p>&lt;&gt;\u00a0\u00a0<a href=\"https:\/\/impactacademy.hu\/en\/ittaszezon-ia-esettanulmany_en-2\/\" target=\"_blank\" rel=\"noopener\">IttaSzezon! &amp; Impact\u00a0Academy<\/a><\/p>\n<\/div><\/section><\/p><\/div>\n<div class=\"flex_column av_one_half  flex_column_div av-zero-column-padding   \" style='border-radius:0px; '><p><div class='avia-image-container  av-styling- av-hover-grow   avia-align-center '  itemprop=\"ImageObject\" itemscope=\"itemscope\" itemtype=\"https:\/\/schema.org\/ImageObject\"  ><div class='avia-image-container-inner'><div class='avia-image-overlay-wrap'><a href='https:\/\/budapest.impacthub.net\/' class='avia_image'   target=\"_blank\" ><img class='avia_image ' src='https:\/\/impactacademy.hu\/wp-content\/uploads\/2018\/11\/impact_hub-belgrade-logo1-e1460551143220-300x258.png' alt='' title='impact_hub-belgrade-logo1-e1460551143220'  itemprop=\"thumbnailUrl\"  \/><\/a><\/div><\/div><\/div><br \/>\n<section class=\"av_textblock_section \"  itemscope=\"itemscope\" itemtype=\"https:\/\/schema.org\/CreativeWork\" ><div class='avia_textblock  '  style='font-size:14px; '  itemprop=\"text\" ><h4><span style=\"color: #ffffff;\">*<\/span><\/h4>\n<h4><span style=\"color: #ffffff;\">*<\/span><\/h4>\n<h4><a href=\"https:\/\/budapest.impacthub.net\/\"><span style=\"font-weight: 400;\"><strong>IMPACT HUB Budapest<\/strong><\/span><\/a><\/h4>\n<p><span style=\"font-weight: 400;\">Impact Hub is an international network with offices in nearly 80 major cities around the world. It works as a catalyst or umbrella organisation for those who work on social, environmental problems at either business or individual level. They are engaged in initiatives and businesses that generate extra added values besides profit and contribute to the development of the society.<\/span><\/p>\n<\/div><\/section><\/p><\/div><div class=\"flex_column av_one_half  flex_column_div av-zero-column-padding first  \" style='border-radius:0px; '><p><div class='avia-image-container  av-styling- av-hover-grow   avia-align-center '  itemprop=\"ImageObject\" itemscope=\"itemscope\" itemtype=\"https:\/\/schema.org\/ImageObject\"  ><div class='avia-image-container-inner'><div class='avia-image-overlay-wrap'><a href='https:\/\/igazgyongyalapitvany.hu\/' class='avia_image'   target=\"_blank\" ><img class='avia_image ' src='https:\/\/impactacademy.hu\/wp-content\/uploads\/2018\/11\/logo_IGAZGYONGY-\u00faj-300x150.jpg' alt='' title='logo_IGAZGYONGY-\u00faj'  itemprop=\"thumbnailUrl\"  \/><\/a><\/div><\/div><\/div><br \/>\n<section class=\"av_textblock_section \"  itemscope=\"itemscope\" itemtype=\"https:\/\/schema.org\/CreativeWork\" ><div class='avia_textblock  '  style='font-size:14px; '  itemprop=\"text\" ><h4><a href=\"https:\/\/igazgyongyalapitvany.hu\/\"><span style=\"font-weight: 400;\"><strong>Igazgy\u00f6ngy Foundation<\/strong><\/span><\/a><\/h4>\n<p><span style=\"font-weight: 400;\">The Igazgy\u00f6ngy Foundation and the Institute of Basic Art Education has been operating in the Beretty\u00f3\u00fajfalu micro-region since 1999. Its main activities are talent management and personality development with special focus on disadvantaged children. Through complex problem analysis and management the Foundation works to increase the chances and integrate children and families living in poverty. The goal is to have less people who are unable to break out of poverty, a more accepting society and a world living in better well-being.<\/span><\/p>\n<p><a href=\"https:\/\/impactacademy.hu\/igazgyongy-infografika_en\/\" target=\"_blank\" rel=\"noopener\">Click here<\/a> for\u00a0Igazgy\u00f6ngy Foundation&#8217;s infographics!<\/p>\n<p>&lt;&gt;\u00a0 <a href=\"https:\/\/impactacademy.hu\/impactacademy_igazgyongy_casestudy_en\/\" target=\"_blank\" rel=\"noopener\"><span style=\"font-weight: 400;\">Igazgy\u00f6ngy Foundatio<\/span>n &amp; Impact\u00a0Academy<\/a><\/p>\n<\/div><\/section><\/p><\/div><\/p>\n<div class=\"flex_column av_one_half  flex_column_div av-zero-column-padding   \" style='border-radius:0px; '><p><div class='avia-image-container  av-styling- av-hover-grow   avia-align-center '  itemprop=\"ImageObject\" itemscope=\"itemscope\" itemtype=\"https:\/\/schema.org\/ImageObject\"  ><div class='avia-image-container-inner'><div class='avia-image-overlay-wrap'><a href='https:\/\/magikme.net\/' class='avia_image'   target=\"_blank\" ><img class='avia_image ' src='https:\/\/impactacademy.hu\/wp-content\/uploads\/2018\/11\/magikme_logo_magyar-300x240.png' alt='' title='magikme_logo_magyar'  itemprop=\"thumbnailUrl\"  \/><\/a><\/div><\/div><\/div><br \/>\n<section class=\"av_textblock_section \"  itemscope=\"itemscope\" itemtype=\"https:\/\/schema.org\/CreativeWork\" ><div class='avia_textblock  '  style='font-size:14px; '  itemprop=\"text\" ><h4><a href=\"https:\/\/magikme.net\/\"><span style=\"font-weight: 400;\"><strong>MagikMe<\/strong><\/span><\/a><\/h4>\n<p><span style=\"font-weight: 400;\">MagikMe is a social startup that designs and sells playground games for children with disabilities. These games allow children to play together on the same game, sharing experiences and getting to know each other, building up more tolerant communities and societies. As a social enterprise, 55% of their profit is invested to ensure the success of their mission and help the better acceptance of children living with disabilities.<\/span><\/p>\n<\/div><\/section><\/p><\/div>\n<div class=\"flex_column av_one_half  flex_column_div av-zero-column-padding first  \" style='border-radius:0px; '><p><div class='avia-image-container  av-styling- av-hover-grow   avia-align-center '  itemprop=\"ImageObject\" itemscope=\"itemscope\" itemtype=\"https:\/\/schema.org\/ImageObject\"  ><div class='avia-image-container-inner'><div class='avia-image-overlay-wrap'><a href='https:\/\/gasztrohos.hu\/' class='avia_image'   target=\"_blank\" ><img class='avia_image ' src='https:\/\/impactacademy.hu\/wp-content\/uploads\/2018\/11\/logo-header-big-300x234.png' alt='' title='logo-header-big'  itemprop=\"thumbnailUrl\"  \/><\/a><\/div><\/div><\/div><br \/>\n<section class=\"av_textblock_section \"  itemscope=\"itemscope\" itemtype=\"https:\/\/schema.org\/CreativeWork\" ><div class='avia_textblock  '  style='font-size:14px; '  itemprop=\"text\" ><h4><a href=\"https:\/\/gasztrohos.hu\/\"><span style=\"font-weight: 400;\"><strong>Responsible Gastro-Hero<\/strong><\/span><\/a><\/h4>\n<p><span style=\"font-weight: 400;\">The mission of the Responsible Gastro-Hero Foundation is to help people to learn about the ways of healthy and environmentally responsible eating.<\/span> <span style=\"font-weight: 400;\">They believe that with eco-friendly gastronomic solutions we can make our meals greener and healthier and thus we can protect our environment. Their motto is \u00a0that \u201ceveryone can be a hero\u201d and \u201cwe can change the world bit by bit\u201d. Their long-term goal is to create a demand for responsible nutrition in the society and to generate a corresponding knowledge in the service sector.<\/span><\/p>\n<\/div><\/section><\/p><\/div>\n<div class=\"flex_column av_one_half  flex_column_div av-zero-column-padding   \" style='border-radius:0px; '><p><div class='avia-image-container  av-styling- av-hover-grow   avia-align-center '  itemprop=\"ImageObject\" itemscope=\"itemscope\" itemtype=\"https:\/\/schema.org\/ImageObject\"  ><div class='avia-image-container-inner'><div class='avia-image-overlay-wrap'><a href='http:\/\/nane.hu\/' class='avia_image'   target=\"_blank\" ><img class='avia_image ' src='https:\/\/impactacademy.hu\/wp-content\/uploads\/2018\/11\/nane2-300x150.png' alt='' title='nane2'  itemprop=\"thumbnailUrl\"  \/><\/a><\/div><\/div><\/div><br \/>\n<section class=\"av_textblock_section \"  itemscope=\"itemscope\" itemtype=\"https:\/\/schema.org\/CreativeWork\" ><div class='avia_textblock  '  style='font-size:14px; '  itemprop=\"text\" ><h4><a href=\"http:\/\/nane.hu\/\"><span style=\"font-weight: 400;\"><strong>NANE Association<\/strong><\/span><\/a><\/h4>\n<p><span style=\"font-weight: 400;\">NANE Women\u2019s Rights Association was established in 1994 with the aim to step up against violence against women and children. It is a non-profit, non-governmental organization, active at the individual, community, and social level. They believe that violence against women is a form of gender inequality and an ideal world is free from any gender-based discrimination, from any power differences predetermined at our &#8220;birth&#8221; , from sexism and all forms of exploitation of women.<\/span><\/p>\n<\/div><\/section><\/p><\/div>\n<div class=\"flex_column av_one_half  flex_column_div av-zero-column-padding first  \" style='border-radius:0px; '><p><div class='avia-image-container  av-styling- av-hover-grow   avia-align-center '  itemprop=\"ImageObject\" itemscope=\"itemscope\" itemtype=\"https:\/\/schema.org\/ImageObject\"  ><div class='avia-image-container-inner'><div class='avia-image-overlay-wrap'><a href='http:\/\/megyesulet.hu\/' class='avia_image'   target=\"_blank\" ><img class='avia_image ' src='https:\/\/impactacademy.hu\/wp-content\/uploads\/2018\/11\/cropped-megy-logo-300x188.png' alt='' title='cropped-megy-logo'  itemprop=\"thumbnailUrl\"  \/><\/a><\/div><\/div><\/div><br \/>\n<section class=\"av_textblock_section \"  itemscope=\"itemscope\" itemtype=\"https:\/\/schema.org\/CreativeWork\" ><div class='avia_textblock  '  style='font-size:14px; '  itemprop=\"text\" ><h4><a href=\"http:\/\/megyesulet.hu\/\"><span style=\"font-weight: 400;\"><strong>Mindenegy\u00fcttmegy Association<\/strong><\/span><\/a><\/h4>\n<p><span style=\"font-weight: 400;\">The main goal of the Mindenegy\u00fcttmegy Association is to support sustainability, ecolocalism, small communities and the so-called &#8220;gy\u00fcttmentek&#8221;. The association is working on strengthening the group of \u201cgy\u00fcttmentek\u201d and building up their community. The group of \u201cgy\u00fcttmentek\u201d works on creating and experiencing together a new ecological paradigm. Every year the association organizes the Gy\u00fcttment Festival, which is a big meeting of people, communities and urban thinkers who are resettling in the countryside and choosing an environmentally conscious rural life.<\/span><\/p>\n<\/div><\/section><\/p><\/div>\n<div class=\"flex_column av_one_half  flex_column_div av-zero-column-padding   \" style='border-radius:0px; '><p><div class='avia-image-container  av-styling- av-hover-grow   avia-align-center '  itemprop=\"ImageObject\" itemscope=\"itemscope\" itemtype=\"https:\/\/schema.org\/ImageObject\"  ><div class='avia-image-container-inner'><div class='avia-image-overlay-wrap'><a href='http:\/\/skool.org.hu\/' class='avia_image'   target=\"_blank\" ><img class='avia_image ' src='https:\/\/impactacademy.hu\/wp-content\/uploads\/2019\/10\/Skool2019_logo-01-3-300x115.png' alt='' title='Skool2019_logo-01'  itemprop=\"thumbnailUrl\"  \/><\/a><\/div><\/div><\/div><br \/>\n<section class=\"av_textblock_section \"  itemscope=\"itemscope\" itemtype=\"https:\/\/schema.org\/CreativeWork\" ><div class='avia_textblock  '  style='font-size:14px; '  itemprop=\"text\" ><h4><a href=\"http:\/\/skool.org.hu\/\"><span style=\"font-weight: 400;\"><strong>Technology Education Foundation<\/strong><\/span><\/a><\/h4>\n<p><span style=\"font-weight: 400;\">The Technology Education Foundation provides young people with free technology sessions through a new form of education. The Foundation\u2019s main project is <a href=\"http:\/\/skool.org.hu\/\">Skool<\/a> targetting 8-18 years old girls, their latest project is <a href=\"http:\/\/kodklub.org\/\">K\u00f3dKlub<\/a> project targetting 4-21 years old children living in children&#8217;s home or in disadvantaged circumstances. Their aim is to promote women&#8217;s equal opportunities, diversity and digital competence development, improve competitiveness, develop the digital knowledge of disadvantaged children to gain useful, modern, 21st century\u2019s knowledge that supports their future and increases their chances of further education and employment.<\/span><\/p>\n<\/div><\/section><\/p><\/div>\n<div class=\"flex_column av_one_half  flex_column_div av-zero-column-padding first  \" style='border-radius:0px; '><p><div class='avia-image-container  av-styling- av-hover-grow   avia-align-center '  itemprop=\"ImageObject\" itemscope=\"itemscope\" itemtype=\"https:\/\/schema.org\/ImageObject\"  ><div class='avia-image-container-inner'><div class='avia-image-overlay-wrap'><a href='http:\/\/www.strazsatanya.com\/' class='avia_image'   target=\"_blank\" ><img class='avia_image ' src='https:\/\/impactacademy.hu\/wp-content\/uploads\/2018\/11\/log\u00f3-JPG-300x99.jpg' alt='' title='log\u00f3 JPG'  itemprop=\"thumbnailUrl\"  \/><\/a><\/div><\/div><\/div><br \/>\n<section class=\"av_textblock_section \"  itemscope=\"itemscope\" itemtype=\"https:\/\/schema.org\/CreativeWork\" ><div class='avia_textblock  '  style='font-size:14px; '  itemprop=\"text\" ><h4><\/h4>\n<h4><a href=\"http:\/\/www.strazsatanya.com\/\"><span style=\"font-weight: 400;\"><strong>Str\u00e1zsa Tanya Public Benefit Social Co-operative<\/strong><\/span><\/a><\/h4>\n<p><span style=\"font-weight: 400;\">The objective of the Str\u00e1zsa Tanya is to help disadvantaged, mainly mentally disabled people with job creation and contribute to improving their quality of life. They operate the Str\u00e1zsa Guesthouse and Farm and organize opened, free, cultural and leisure programs. Their special program is the so called \u201cStr\u00e1zsapr\u00f3ba\u201d, which treats young people with intellectual disabilities excluded from public education with a complex method.<\/span><\/p>\n<\/div><\/section><\/p><\/div>\n<div class=\"flex_column av_one_half  flex_column_div av-zero-column-padding   \" style='border-radius:0px; '><p><div class='avia-image-container  av-styling- av-hover-grow   avia-align-center '  itemprop=\"ImageObject\" itemscope=\"itemscope\" itemtype=\"https:\/\/schema.org\/ImageObject\"  ><div class='avia-image-container-inner'><div class='avia-image-overlay-wrap'><a href='http:\/\/etanoda.hu\/' class='avia_image'   target=\"_blank\" ><img class='avia_image ' src='https:\/\/impactacademy.hu\/wp-content\/uploads\/2018\/11\/logo-300x107.png' alt='' title='logo'  itemprop=\"thumbnailUrl\"  \/><\/a><\/div><\/div><\/div><br \/>\n<section class=\"av_textblock_section \"  itemscope=\"itemscope\" itemtype=\"https:\/\/schema.org\/CreativeWork\" ><div class='avia_textblock  '  style='font-size:14px; '  itemprop=\"text\" ><h4><a href=\"http:\/\/etanoda.hu\/\"><span style=\"font-weight: 400;\"><strong>21st Century Pedagogy Foundation<\/strong><\/span><\/a><\/h4>\n<p><span style=\"font-weight: 400;\">The aim of the Foundation is to disseminate, develop and support alternative learning methods for pupils excluded from institutionalized learning to the sideline, and to open the system to children left behind. Its main activity is the E-tanoda program, in which high school students from Budapest help disadvantaged students through online lessons. Their vision is to build a digital mentor network that is using 21st century pedagogy tools and methods to help effectively, meanwhile building bridges between groups living isolated from each other.<\/span><\/p>\n<\/div><\/section><\/p><\/div>\n","protected":false},"excerpt":{"rendered":"","protected":false},"author":5,"featured_media":0,"parent":0,"menu_order":0,"comment_status":"closed","ping_status":"closed","template":"","meta":[],"_links":{"self":[{"href":"https:\/\/impactacademy.hu\/en\/wp-json\/wp\/v2\/pages\/284\/"}],"collection":[{"href":"https:\/\/impactacademy.hu\/en\/wp-json\/wp\/v2\/pages\/"}],"about":[{"href":"https:\/\/impactacademy.hu\/en\/wp-json\/wp\/v2\/types\/page\/"}],"author":[{"embeddable":true,"href":"https:\/\/impactacademy.hu\/en\/wp-json\/wp\/v2\/users\/5\/"}],"replies":[{"embeddable":true,"href":"https:\/\/impactacademy.hu\/en\/wp-json\/wp\/v2\/comments\/?post=284"}],"version-history":[{"count":0,"href":"https:\/\/impactacademy.hu\/en\/wp-json\/wp\/v2\/pages\/284\/revisions\/"}],"wp:attachment":[{"href":"https:\/\/impactacademy.hu\/en\/wp-json\/wp\/v2\/media\/?parent=284"}],"curies":[{"name":"wp","href":"https:\/\/api.w.org\/{rel}","templated":true}]}}